{"id":2,"date":"2020-10-02T08:42:22","date_gmt":"2020-10-02T08:42:22","guid":{"rendered":"https:\/\/conducimoselagua.com\/?page_id=2"},"modified":"2023-11-24T19:15:01","modified_gmt":"2023-11-24T19:15:01","slug":"sample-page","status":"publish","type":"page","link":"https:\/\/conducimoselagua.com\/en\/","title":{"rendered":"Start"},"content":{"rendered":"","protected":false},"excerpt":{"rendered":"","protected":false},"author":1,"featured_media":0,"parent":0,"menu_order":0,"comment_status":"open","ping_status":"open","template":"","meta":{"footnotes":""},"class_list":["post-2","page","type-page","status-publish","hentry"],"yoast_head":"<!-- This site is optimized with the Yoast SEO plugin v27.5 - https:\/\/yoast.com\/product\/yoast-seo-wordpress\/ -->\n<title>Inicio - Conducimos el Agua<\/title>\n<meta name=\"robots\" content=\"index, follow, max-snippet:-1, max-image-preview:large, max-video-preview:-1\" \/>\n<link rel=\"canonical\" href=\"https:\/\/conducimoselagua.com\/en\/\" \/>\n<meta property=\"og:locale\" content=\"en_GB\" \/>\n<meta property=\"og:type\" content=\"article\" \/>\n<meta property=\"og:title\" content=\"Inicio - Conducimos el Agua\" \/>\n<meta property=\"og:url\" content=\"https:\/\/conducimoselagua.com\/en\/\" \/>\n<meta property=\"og:site_name\" content=\"Conducimos el Agua\" \/>\n<meta property=\"article:modified_time\" content=\"2023-11-24T19:15:01+00:00\" \/>\n<meta name=\"twitter:card\" content=\"summary_large_image\" \/>\n<script type=\"application\/ld+json\" class=\"yoast-schema-graph\">{\"@context\":\"https:\\\/\\\/schema.org\",\"@graph\":[{\"@type\":\"WebPage\",\"@id\":\"https:\\\/\\\/conducimoselagua.com\\\/\",\"url\":\"https:\\\/\\\/conducimoselagua.com\\\/\",\"name\":\"Inicio - Conducimos el Agua\",\"isPartOf\":{\"@id\":\"https:\\\/\\\/conducimoselagua.com\\\/#website\"},\"datePublished\":\"2020-10-02T08:42:22+00:00\",\"dateModified\":\"2023-11-24T19:15:01+00:00\",\"breadcrumb\":{\"@id\":\"https:\\\/\\\/conducimoselagua.com\\\/#breadcrumb\"},\"inLanguage\":\"en-GB\",\"potentialAction\":[{\"@type\":\"ReadAction\",\"target\":[\"https:\\\/\\\/conducimoselagua.com\\\/\"]}]},{\"@type\":\"BreadcrumbList\",\"@id\":\"https:\\\/\\\/conducimoselagua.com\\\/#breadcrumb\",\"itemListElement\":[{\"@type\":\"ListItem\",\"position\":1,\"name\":\"Portada\",\"item\":\"https:\\\/\\\/conducimoselagua.com\\\/\"},{\"@type\":\"ListItem\",\"position\":2,\"name\":\"Inicio\"}]},{\"@type\":\"WebSite\",\"@id\":\"https:\\\/\\\/conducimoselagua.com\\\/#website\",\"url\":\"https:\\\/\\\/conducimoselagua.com\\\/\",\"name\":\"Conducimos el Agua\",\"description\":\"Somos instaladores y mantenedores autorizados de fontaner\u00eda, calefacci\u00f3n, piscinas, bombas y grupos de presi\u00f3n\",\"potentialAction\":[{\"@type\":\"SearchAction\",\"target\":{\"@type\":\"EntryPoint\",\"urlTemplate\":\"https:\\\/\\\/conducimoselagua.com\\\/?s={search_term_string}\"},\"query-input\":{\"@type\":\"PropertyValueSpecification\",\"valueRequired\":true,\"valueName\":\"search_term_string\"}}],\"inLanguage\":\"en-GB\"}]}<\/script>\n<!-- \/ Yoast SEO plugin. -->","yoast_head_json":{"title":"Home - We Drive Water","robots":{"index":"index","follow":"follow","max-snippet":"max-snippet:-1","max-image-preview":"max-image-preview:large","max-video-preview":"max-video-preview:-1"},"canonical":"https:\/\/conducimoselagua.com\/en\/","og_locale":"en_GB","og_type":"article","og_title":"Inicio - Conducimos el Agua","og_url":"https:\/\/conducimoselagua.com\/en\/","og_site_name":"Conducimos el Agua","article_modified_time":"2023-11-24T19:15:01+00:00","twitter_card":"summary_large_image","schema":{"@context":"https:\/\/schema.org","@graph":[{"@type":"WebPage","@id":"https:\/\/conducimoselagua.com\/","url":"https:\/\/conducimoselagua.com\/","name":"Home - We Drive Water","isPartOf":{"@id":"https:\/\/conducimoselagua.com\/#website"},"datePublished":"2020-10-02T08:42:22+00:00","dateModified":"2023-11-24T19:15:01+00:00","breadcrumb":{"@id":"https:\/\/conducimoselagua.com\/#breadcrumb"},"inLanguage":"en-GB","potentialAction":[{"@type":"ReadAction","target":["https:\/\/conducimoselagua.com\/"]}]},{"@type":"BreadcrumbList","@id":"https:\/\/conducimoselagua.com\/#breadcrumb","itemListElement":[{"@type":"ListItem","position":1,"name":"Portada","item":"https:\/\/conducimoselagua.com\/"},{"@type":"ListItem","position":2,"name":"Inicio"}]},{"@type":"WebSite","@id":"https:\/\/conducimoselagua.com\/#website","url":"https:\/\/conducimoselagua.com\/","name":"We drive the water","description":"We are authorized installers and maintainers of plumbing, heating, swimming pools, pumps and pressure groups.","potentialAction":[{"@type":"SearchAction","target":{"@type":"EntryPoint","urlTemplate":"https:\/\/conducimoselagua.com\/?s={search_term_string}"},"query-input":{"@type":"PropertyValueSpecification","valueRequired":true,"valueName":"search_term_string"}}],"inLanguage":"en-GB"}]}},"_links":{"self":[{"href":"https:\/\/conducimoselagua.com\/en\/wp-json\/wp\/v2\/pages\/2","targetHints":{"allow":["GET"]}}],"collection":[{"href":"https:\/\/conducimoselagua.com\/en\/wp-json\/wp\/v2\/pages"}],"about":[{"href":"https:\/\/conducimoselagua.com\/en\/wp-json\/wp\/v2\/types\/page"}],"author":[{"embeddable":true,"href":"https:\/\/conducimoselagua.com\/en\/wp-json\/wp\/v2\/users\/1"}],"replies":[{"embeddable":true,"href":"https:\/\/conducimoselagua.com\/en\/wp-json\/wp\/v2\/comments?post=2"}],"version-history":[{"count":1,"href":"https:\/\/conducimoselagua.com\/en\/wp-json\/wp\/v2\/pages\/2\/revisions"}],"predecessor-version":[{"id":76,"href":"https:\/\/conducimoselagua.com\/en\/wp-json\/wp\/v2\/pages\/2\/revisions\/76"}],"wp:attachment":[{"href":"https:\/\/conducimoselagua.com\/en\/wp-json\/wp\/v2\/media?parent=2"}],"curies":[{"name":"wp","href":"https:\/\/api.w.org\/{rel}","templated":true}]}}